{"id":919489,"date":"2025-09-04T10:44:56","date_gmt":"2025-09-04T10:44:56","guid":{"rendered":"https:\/\/staging.globalsocialimpact.es\/?page_id=919489"},"modified":"2025-09-04T12:40:35","modified_gmt":"2025-09-04T12:40:35","slug":"canal-de-denuncias-2","status":"publish","type":"page","link":"https:\/\/www.globalsocialimpact.es\/es\/canal-de-denuncias-2\/","title":{"rendered":"Divulgaci\u00f3n relacionada con la sostenibilidad"},"content":{"rendered":"<div data-elementor-type=\"wp-page\" data-elementor-id=\"919489\" class=\"elementor elementor-919489\" data-elementor-post-type=\"page\">\n\t\t\t\t<div class=\"elementor-element elementor-element-459b30ca e-flex e-con-boxed e-con e-parent\" data-id=\"459b30ca\" data-element_type=\"container\" data-e-type=\"container\">\n\t\t\t\t\t<div class=\"e-con-inner\">\n\t\t\t\t<div class=\"elementor-element elementor-element-5cdb76ea elementor-widget elementor-widget-text-editor\" data-id=\"5cdb76ea\" data-element_type=\"widget\" data-e-type=\"widget\" data-widget_type=\"text-editor.default\">\n\t\t\t\t<div class=\"elementor-widget-container\">\n\t\t\t\t\t\t\t\t\t<div>\n<p class=\"p1\"><b>FINANCIACI\u00d3N SOSTENIBLE DE LA UE<br>NORMATIVA SOBRE DIVULGACI\u00d3N<br><\/b><b><\/b><\/p>\n<\/div>\n<div class=\"uk-panel uk-margin\" data-id=\"page#0-0-0-1\">\n<p>En&nbsp;<strong>Reglamento (UE) 2019\/2088&nbsp;<\/strong>del Parlamento Europeo y del Consejo&nbsp;<strong>sobre la divulgaci\u00f3n de informaci\u00f3n relacionada con la sostenibilidad en el sector de los servicios financieros<\/strong>&nbsp;(en lo sucesivo, el Reglamento) se public\u00f3 el 9 de diciembre de 2019 en el Diario Oficial de la Uni\u00f3n Europea y es aplicable desde el 10 de marzo de 2021.<\/p>\n<p>El Reglamento establece normas armonizadas sobre la transparencia que deben aplicar los participantes en los mercados financieros en relaci\u00f3n con la integraci\u00f3n de los riesgos de sostenibilidad, la consideraci\u00f3n de los efectos adversos de la sostenibilidad y la promoci\u00f3n de las caracter\u00edsticas medioambientales o sociales de los productos de inversi\u00f3n.<\/p>\n<p><strong>Inversiones Globales de Impacto Social SGIIC SA<\/strong>&nbsp;(en adelante, el Gestor o GSI) es un gestor de inversiones de impacto y, como tal, gestiona fondos con un impacto social directo, real, medible y notificable. La misi\u00f3n de GSI no se limita a la reducci\u00f3n de los riesgos de sostenibilidad en todo su proceso de inversi\u00f3n. Todos y cada uno de los productos de inversi\u00f3n gestionados se basar\u00e1n en (i) un problema que GSI desee contribuir a resolver y (ii) una teor\u00eda del cambio que vincule el problema a su soluci\u00f3n a trav\u00e9s de las inversiones del Fondo.<\/p>\n<p>ART\u00cdCULO 3 - Transparencia de las pol\u00edticas de riesgo para la sostenibilidad<\/p>\n<p>En relaci\u00f3n con el art\u00edculo 3 del Reglamento, GSI no s\u00f3lo integra los riesgos de sostenibilidad en sus inversiones, sino que tambi\u00e9n lleva a cabo un an\u00e1lisis del impacto positivo que estas inversiones est\u00e1n generando desde el momento de su ejecuci\u00f3n.<\/p>\n<p>Este an\u00e1lisis se lleva a cabo a lo largo del proceso de diligencia debida para cada inversi\u00f3n.<\/p>\n<p><img loading=\"lazy\" decoding=\"async\" class=\"aligncenter wp-image-2279 size-large\" src=\"https:\/\/globalsocialimpact.es\/wp-content\/uploads\/Investment-Impact-Cuycle-1024x445.png\" sizes=\"auto, (max-width: 1024px) 100vw, 1024px\" srcset=\"https:\/\/globalsocialimpact.es\/wp-content\/uploads\/Investment-Impact-Cuycle-1024x445.png 1024w, https:\/\/globalsocialimpact.es\/wp-content\/uploads\/Investment-Impact-Cuycle-300x130.png 300w, https:\/\/globalsocialimpact.es\/wp-content\/uploads\/Investment-Impact-Cuycle-768x334.png 768w, https:\/\/globalsocialimpact.es\/wp-content\/uploads\/Investment-Impact-Cuycle-1536x668.png 1536w, https:\/\/globalsocialimpact.es\/wp-content\/uploads\/Investment-Impact-Cuycle.png 1660w\" alt=\"\" width=\"1024\" height=\"445\"><\/p>\n<p><strong>(i) Establecimiento de objetivos de impacto<\/strong><\/p>\n<p>El punto de partida del ciclo de medici\u00f3n y gesti\u00f3n del impacto es la elaboraci\u00f3n de una teor\u00eda del cambio para cada fondo, a partir de la cual se define la tesis de inversi\u00f3n. La estrategia de impacto nos indica qu\u00e9 objetivos de impacto pretendemos alcanzar.<\/p>\n<p><strong>(ii) Estimaci\u00f3n del impacto y planificaci\u00f3n<\/strong><\/p>\n<p>Durante la fase de estimaci\u00f3n del impacto, se lleva a cabo un proceso de an\u00e1lisis de la cartera para valorar si las empresas o fondos analizados cumplen los criterios de impacto establecidos, adem\u00e1s de realizar una evaluaci\u00f3n seg\u00fan el Proyecto de Gesti\u00f3n de Impacto (IMP).<\/p>\n<p>El proceso de diligencia debida se divide en tres comit\u00e9s de inversi\u00f3n en los que se eval\u00faan los siguientes criterios desde el punto de vista del impacto:<\/p>\n<ol>\n<li>Misi\u00f3n social<\/li>\n<li>Partes interesadas<\/li>\n<li>Teor\u00eda del cambio<\/li>\n<li>Contribuci\u00f3n a los ODS<\/li>\n<li>Gobernanza<\/li>\n<li>Metodolog\u00eda CAD-OCDE (An\u00e1lisis de pertinencia, eficacia, eficiencia, impacto, sostenibilidad).<\/li>\n<\/ol>\n<p><br>El resultado final de este proceso es la decisi\u00f3n de inversi\u00f3n. Si la decisi\u00f3n es positiva, se elabora un contrato que incluye, entre otros aspectos, la Teor\u00eda del Cambio de la empresa y el cuadro de mando de indicadores en base al cual la participada reportar\u00e1 a GSI, que incluir\u00e1 m\u00e9tricas espec\u00edficas acordadas con la empresa o fondo, generalmente vinculadas a m\u00e9tricas espec\u00edficas de los ODS e indicadores IRIS+ estandarizados.<\/p>\n<p><strong>(iii) Seguimiento del impacto<\/strong><\/p>\n<p>Una vez que la empresa o fondo forma parte de la cartera de GSI, su impacto se supervisa peri\u00f3dicamente, en funci\u00f3n de los indicadores establecidos en el contrato. Estos indicadores nos ayudan a saber en qu\u00e9 medida las inversiones est\u00e1n cumpliendo los objetivos fijados.<\/p>\n<p>GSI dispone de una herramienta interna que nos permite realizar este seguimiento. Su car\u00e1cter peri\u00f3dico y la estrecha relaci\u00f3n con las entidades participadas nos permite identificar posibles \u00e1reas de mejora y hacer sugerencias, maximizando as\u00ed el impacto.<\/p>\n<p><strong>(iv) Evaluaci\u00f3n y acci\u00f3n<\/strong><\/p>\n<p>Al final de un ciclo de inversi\u00f3n, existe la posibilidad de realizar un an\u00e1lisis adicional del impacto agregado total, si se considera oportuno. Se trata de una evaluaci\u00f3n externa del impacto real sobre los beneficiarios directos, que puede ser crucial a la hora de decidir, por ejemplo, si renovar un pr\u00e9stamo o aumentar una posici\u00f3n.<\/p>\n<p>ART\u00cdCULOS 4 y 7 - Transparencia de los impactos adversos sobre la sostenibilidad a nivel de entidad y a nivel de producto financiero<\/p>\n<p>En relaci\u00f3n con los art\u00edculos 4 y 7 del Reglamento, GSI tiene en cuenta los Principales Impactos Adversos (PAI) sobre los factores de sostenibilidad en sus inversiones. As\u00ed pues, GSI no podr\u00eda invertir en un proyecto que contribuya positiva y directamente a uno o varios Objetivos de Desarrollo Sostenible y, simult\u00e1neamente, repercuta directa y negativamente en otros.<\/p>\n<p>Como resultado del desarrollo de la correspondiente Teor\u00eda del Cambio, cada producto de la GSI tiene asociada una serie de m\u00e9tricas de impacto e indicadores ASG, en los que se basa la informaci\u00f3n a inversores y partes interesadas.<\/p>\n<p>En general, los productos de GSI se centrar\u00e1n siempre en el componente social de las inversiones y se basar\u00e1n en los indicadores m\u00e1s directamente relacionados con \u00e9l. No obstante, cada producto tendr\u00e1 indicadores transversales que se tendr\u00e1n en cuenta para la evaluaci\u00f3n de la inversi\u00f3n en t\u00e9rminos de impacto. Estos indicadores considerar\u00e1n los aspectos medioambientales y de gobernanza (E y G) de los proyectos y tendr\u00e1n tanto elementos de veto como de medici\u00f3n y seguimiento.<\/p>\n<p>Este an\u00e1lisis de los PAI se realiza siempre en funci\u00f3n del tama\u00f1o, la escala de operaciones y la naturaleza de las empresas, de modo que la magnitud del impacto en t\u00e9rminos de escala pueda tenerse en cuenta caso por caso.<\/p>\n<p>ART\u00cdCULO 5 - Transparencia de las pol\u00edticas de remuneraci\u00f3n en relaci\u00f3n con la integraci\u00f3n de los riesgos de sostenibilidad<\/p>\n<p>Con referencia al art\u00edculo 5 del Reglamento, la GSI vincular\u00e1 la comisi\u00f3n de gesti\u00f3n variable del equipo de gesti\u00f3n, cuando exista, a la consecuci\u00f3n de objetivos de impacto fijados inversi\u00f3n por inversi\u00f3n. Estos objetivos se dise\u00f1ar\u00e1n espec\u00edficamente para cada inversi\u00f3n y se supervisar\u00e1n a lo largo de la misma en consonancia con los procesos detallados anteriormente en el presente documento, y ser\u00e1n auditados por un experto en la fecha de desinversi\u00f3n para el c\u00e1lculo de la comisi\u00f3n de gesti\u00f3n variable.<\/p>\n<p>ART\u00cdCULO 10 - Transparencia de la promoci\u00f3n de las caracter\u00edsticas medioambientales o sociales y de las inversiones sostenibles en los sitios web<\/p>\n<p>Por lo que se refiere al art\u00edculo 10 del Reglamento, GSI es un gestor de inversiones cuyos productos se dirigen a inversiones sostenibles y entran en el \u00e1mbito de aplicaci\u00f3n del art\u00edculo 9 del Reglamento.<\/p>\n<p>En particular, los productos de la GSI se centrar\u00e1n siempre en la inclusi\u00f3n econ\u00f3mica y social de los grupos m\u00e1s vulnerables de las regiones en las que se realizan las inversiones, tal y como se define en la teor\u00eda del cambio de cada producto.<\/p>\n<p>GSI siempre invertir\u00e1 en modelos empresariales que contribuyan de forma directa, intencionada y mensurable a paliar los problemas que cada fondo pretende ayudar a resolver.<\/p>\n<p>Hasta la fecha no se ha designado ning\u00fan punto de referencia en relaci\u00f3n con el impacto de los productos de la GSI, a la espera de que se desarrolle un punto de referencia que pueda medir adecuadamente los criterios sociales que rigen la teor\u00eda del cambio de la GSI.<\/p>\n<p><a href=\"https:\/\/www.globalsocialimpact.es\/es\/?customize_changeset_uuid=56214fac-3a10-4cd3-87b9-67b697741d34&amp;customize_messenger_channel=preview-0\" target=\"_blank\" rel=\"noopener\">Sitio web de GSI<\/a>&nbsp;contiene informaci\u00f3n adicional sobre los criterios de inversi\u00f3n e impacto de la GSI.<\/p>\n<\/div>\n<div>DECLARACI\u00d3N SOBRE LAS PRINCIPALES REPERCUSIONES NEGATIVAS DE LAS DECISIONES DE INVERSI\u00d3N EN LOS CRITERIOS DE SOSTENIBILIDAD<\/div>\n<div class=\"uk-panel uk-margin\" data-id=\"page#0-0-0-3\">\n<p><strong>(Corresponde al anexo I del Reglamento Delegado 2022\/1288 de la Comisi\u00f3n, de 6 de abril de 2022, en relaci\u00f3n con los anexos de folleto para los fondos SFDR de los art\u00edculos 8 o 9)<\/strong><\/p>\n<\/div>\n<div id=\"page#0\" class=\"uk-margin-large uk-text-center\" data-id=\"page#0-0-0-4\"><a class=\"el-content uk-button uk-button-primary uk-flex-inline uk-flex-center uk-flex-middle customize-unpreviewable\" href=\"https:\/\/globalsocialimpact.es\/wp-content\/uploads\/2025\/09\/Annex-I-Folleto-GSI-SGIIC-SA-2025.pdf\" target=\"_blank\" rel=\"noopener\">ENLACE A LA DECLARACI\u00d3N COMPLETA<\/a><\/div>\t\t\t\t\t\t\t\t<\/div>\n\t\t\t\t<\/div>\n\t\t\t\t\t<\/div>\n\t\t\t\t<\/div>\n\t\t\t\t<\/div>","protected":false},"excerpt":{"rendered":"<p>EU SUSTAINABLE FINANCEDISCLOSURE REGULATION The&nbsp;Regulation (EU) 2019\/2088&nbsp;of the European Parliament and of the Council&nbsp;on sustainability\u2010related disclosures in the financial services sector&nbsp;(hereinafter referred to as the Regulation) was published on 9 December 2019 in the Official Journal of the European Union and is applicable since 10 March 2021. The Regulation establishes harmonized rules on the transparency [&hellip;]<\/p>\n","protected":false},"author":2,"featured_media":0,"parent":0,"menu_order":4,"comment_status":"closed","ping_status":"closed","template":"","meta":{"_acf_changed":false,"footnotes":""},"news_content_type":[],"class_list":["post-919489","page","type-page","status-publish","hentry"],"acf":[],"_links":{"self":[{"href":"https:\/\/www.globalsocialimpact.es\/es\/wp-json\/wp\/v2\/pages\/919489","targetHints":{"allow":["GET"]}}],"collection":[{"href":"https:\/\/www.globalsocialimpact.es\/es\/wp-json\/wp\/v2\/pages"}],"about":[{"href":"https:\/\/www.globalsocialimpact.es\/es\/wp-json\/wp\/v2\/types\/page"}],"author":[{"embeddable":true,"href":"https:\/\/www.globalsocialimpact.es\/es\/wp-json\/wp\/v2\/users\/2"}],"replies":[{"embeddable":true,"href":"https:\/\/www.globalsocialimpact.es\/es\/wp-json\/wp\/v2\/comments?post=919489"}],"version-history":[{"count":5,"href":"https:\/\/www.globalsocialimpact.es\/es\/wp-json\/wp\/v2\/pages\/919489\/revisions"}],"predecessor-version":[{"id":919496,"href":"https:\/\/www.globalsocialimpact.es\/es\/wp-json\/wp\/v2\/pages\/919489\/revisions\/919496"}],"wp:attachment":[{"href":"https:\/\/www.globalsocialimpact.es\/es\/wp-json\/wp\/v2\/media?parent=919489"}],"wp:term":[{"taxonomy":"news_content_type","embeddable":true,"href":"https:\/\/www.globalsocialimpact.es\/es\/wp-json\/wp\/v2\/news_content_type?post=919489"}],"curies":[{"name":"wp","href":"https:\/\/api.w.org\/{rel}","templated":true}]}}