{"id":901643,"date":"2025-08-16T17:16:14","date_gmt":"2025-08-16T17:16:14","guid":{"rendered":"https:\/\/staging.globalsocialimpact.es\/?page_id=901643"},"modified":"2025-11-25T10:32:13","modified_gmt":"2025-11-25T10:32:13","slug":"transparencia-y-cumplimiento","status":"publish","type":"page","link":"https:\/\/www.globalsocialimpact.es\/es\/transparencia-y-cumplimiento\/","title":{"rendered":"Transparencia + Compliance"},"content":{"rendered":"<div data-elementor-type=\"wp-page\" data-elementor-id=\"901643\" class=\"elementor elementor-901643\" data-elementor-post-type=\"page\">\n\t\t\t\t<div class=\"elementor-element elementor-element-8862bae e-con-full e-flex e-con e-parent\" data-id=\"8862bae\" data-element_type=\"container\" data-e-type=\"container\" data-settings=\"{&quot;background_background&quot;:&quot;classic&quot;}\">\n\t\t\t\t<div class=\"elementor-element elementor-element-0d7f70a elementor-widget elementor-widget-heading\" data-id=\"0d7f70a\" data-element_type=\"widget\" data-e-type=\"widget\" data-widget_type=\"heading.default\">\n\t\t\t\t<div class=\"elementor-widget-container\">\n\t\t\t\t\t<h2 class=\"elementor-heading-title elementor-size-default\">Transparencia<span> + <\/span>Conformidad<\/h2>\t\t\t\t<\/div>\n\t\t\t\t<\/div>\n\t\t\t\t<\/div>\n\t\t<div class=\"elementor-element elementor-element-ac79354 e-con-full e-flex e-con e-parent\" data-id=\"ac79354\" data-element_type=\"container\" data-e-type=\"container\">\n\t\t\t\t<div class=\"elementor-element elementor-element-c9a2968 elementor-widget__width-inherit animated-slow elementor-widget-mobile__width-inherit elementor-invisible elementor-widget elementor-widget-heading\" data-id=\"c9a2968\" data-element_type=\"widget\" data-e-type=\"widget\" data-settings=\"{&quot;_animation&quot;:&quot;fadeIn&quot;}\" data-widget_type=\"heading.default\">\n\t\t\t\t<div class=\"elementor-widget-container\">\n\t\t\t\t\t<h2 class=\"elementor-heading-title elementor-size-default\">Impacto Social Global\nInversiones S.G.I.I.C., S.A.U.<\/h2>\t\t\t\t<\/div>\n\t\t\t\t<\/div>\n\t\t\t\t<div class=\"elementor-element elementor-element-f4a3535 elementor-widget__width-initial elementor-widget-divider--view-line elementor-widget elementor-widget-divider\" data-id=\"f4a3535\" data-element_type=\"widget\" data-e-type=\"widget\" data-widget_type=\"divider.default\">\n\t\t\t\t<div class=\"elementor-widget-container\">\n\t\t\t\t\t\t\t<div class=\"elementor-divider\">\n\t\t\t<span class=\"elementor-divider-separator\">\n\t\t\t\t\t\t<\/span>\n\t\t<\/div>\n\t\t\t\t\t\t<\/div>\n\t\t\t\t<\/div>\n\t\t\t\t<\/div>\n\t\t<div class=\"elementor-element elementor-element-6481c60 e-con-full e-flex e-con e-parent\" data-id=\"6481c60\" data-element_type=\"container\" data-e-type=\"container\" data-settings=\"{&quot;background_background&quot;:&quot;classic&quot;}\">\n\t\t<div class=\"elementor-element elementor-element-2ed10b0 e-con-full e-transform e-flex elementor-invisible e-con e-child\" data-id=\"2ed10b0\" data-element_type=\"container\" data-e-type=\"container\" data-settings=\"{&quot;background_background&quot;:&quot;classic&quot;,&quot;animation&quot;:&quot;fadeIn&quot;,&quot;_transform_flipX_effect&quot;:&quot;transform&quot;}\">\n\t\t\t\t<\/div>\n\t\t<div class=\"elementor-element elementor-element-2871398 e-con-full e-flex elementor-invisible e-con e-child\" data-id=\"2871398\" data-element_type=\"container\" data-e-type=\"container\" data-settings=\"{&quot;animation&quot;:&quot;fadeIn&quot;}\">\n\t\t\t\t<div class=\"elementor-element elementor-element-deb6d07 animated-slow elementor-invisible elementor-widget elementor-widget-text-editor\" data-id=\"deb6d07\" data-element_type=\"widget\" data-e-type=\"widget\" data-settings=\"{&quot;_animation&quot;:&quot;fadeIn&quot;}\" data-widget_type=\"text-editor.default\">\n\t\t\t\t<div class=\"elementor-widget-container\">\n\t\t\t\t\t\t\t\t\t<p>Global Social Impact Investments S.G.I.I.C., S.A. es una sociedad de gesti\u00f3n de activos espa\u00f1ola autorizada y supervisada por el regulador financiero espa\u00f1ol, la Comisi\u00f3n Nacional del Mercado de Valores (CNMV).<\/p>\t\t\t\t\t\t\t\t<\/div>\n\t\t\t\t<\/div>\n\t\t\t\t<div class=\"elementor-element elementor-element-8e7e2c4 animated-slow elementor-invisible elementor-widget elementor-widget-text-editor\" data-id=\"8e7e2c4\" data-element_type=\"widget\" data-e-type=\"widget\" data-settings=\"{&quot;_animation&quot;:&quot;fadeIn&quot;}\" data-widget_type=\"text-editor.default\">\n\t\t\t\t<div class=\"elementor-widget-container\">\n\t\t\t\t\t\t\t\t\t<p>Como gestora de fondos especializada en inversi\u00f3n de impacto, GSI opera en pleno cumplimiento de la normativa espa\u00f1ola y europea sobre gesti\u00f3n de fondos, transparencia, sostenibilidad y protecci\u00f3n del inversor.<br \/><br \/>Esta secci\u00f3n proporciona acceso a documentos legales clave y a pol\u00edticas y compromisos corporativos. Estos recursos se actualizan peri\u00f3dicamente para garantizar el cumplimiento de la normativa y reflejar el compromiso de GSI con una gesti\u00f3n responsable, transparente y a largo plazo.<\/p>\t\t\t\t\t\t\t\t<\/div>\n\t\t\t\t<\/div>\n\t\t\t\t<\/div>\n\t\t\t\t<\/div>\n\t\t<div class=\"elementor-element elementor-element-5fd52d9 e-con-full e-flex e-con e-parent\" data-id=\"5fd52d9\" data-element_type=\"container\" data-e-type=\"container\" data-settings=\"{&quot;background_background&quot;:&quot;classic&quot;}\">\n\t\t\t\t<div class=\"elementor-element elementor-element-946fcb2 elementor-widget-tablet__width-initial animated-slow elementor-widget-mobile__width-inherit elementor-invisible elementor-widget elementor-widget-heading\" data-id=\"946fcb2\" data-element_type=\"widget\" data-e-type=\"widget\" data-settings=\"{&quot;_animation&quot;:&quot;fadeIn&quot;}\" data-widget_type=\"heading.default\">\n\t\t\t\t<div class=\"elementor-widget-container\">\n\t\t\t\t\t<h2 class=\"elementor-heading-title elementor-size-default\">Persona jur\u00eddica<br> \nInformaci\u00f3n<\/h2>\t\t\t\t<\/div>\n\t\t\t\t<\/div>\n\t\t\t\t<div class=\"elementor-element elementor-element-ac72f9b elementor-widget__width-initial animated-slow elementor-widget-mobile__width-inherit elementor-invisible elementor-widget elementor-widget-text-editor\" data-id=\"ac72f9b\" data-element_type=\"widget\" data-e-type=\"widget\" data-settings=\"{&quot;_animation&quot;:&quot;fadeIn&quot;}\" data-widget_type=\"text-editor.default\">\n\t\t\t\t<div class=\"elementor-widget-container\">\n\t\t\t\t\t\t\t\t\t<p><strong>Nombre legal:\u00a0<\/strong>Inversiones Globales de Impacto Social, S.G.I.I.C., S.A.U.\u00a0 <br \/><strong>N\u00famero de registro en la CNMV:<\/strong> 279<br \/><strong>CIF<\/strong>: A88626825<br \/><strong>Domicilio social:\u00a0<\/strong>Paseo de la Castellana 53, 2\u00aa planta, 28046 Madrid, Espa\u00f1a<br \/><strong>Correo electr\u00f3nico:\u00a0<\/strong>info@globalsocialimpact.es<\/p>\t\t\t\t\t\t\t\t<\/div>\n\t\t\t\t<\/div>\n\t\t\t\t<\/div>\n\t\t<div class=\"elementor-element elementor-element-5495e96 e-con-full e-flex e-con e-child\" data-id=\"5495e96\" data-element_type=\"container\" data-e-type=\"container\">\n\t\t\t\t<div class=\"elementor-element elementor-element-51f547e elementor-widget__width-initial animated-slow elementor-invisible elementor-widget elementor-widget-heading\" data-id=\"51f547e\" data-element_type=\"widget\" data-e-type=\"widget\" data-settings=\"{&quot;_animation&quot;:&quot;fadeIn&quot;}\" data-widget_type=\"heading.default\">\n\t\t\t\t<div class=\"elementor-widget-container\">\n\t\t\t\t\t<h2 class=\"elementor-heading-title elementor-size-default\">Documentaci\u00f3n jur\u00eddica<\/h2>\t\t\t\t<\/div>\n\t\t\t\t<\/div>\n\t\t\t\t<div class=\"elementor-element elementor-element-f0f5fa0 elementor-widget__width-initial elementor-widget-divider--view-line elementor-widget elementor-widget-divider\" data-id=\"f0f5fa0\" data-element_type=\"widget\" data-e-type=\"widget\" data-widget_type=\"divider.default\">\n\t\t\t\t<div class=\"elementor-widget-container\">\n\t\t\t\t\t\t\t<div class=\"elementor-divider\">\n\t\t\t<span class=\"elementor-divider-separator\">\n\t\t\t\t\t\t<\/span>\n\t\t<\/div>\n\t\t\t\t\t\t<\/div>\n\t\t\t\t<\/div>\n\t\t\t\t<div class=\"elementor-element elementor-element-f5e615d elementor-widget__width-initial elementor-widget elementor-widget-n-accordion\" data-id=\"f5e615d\" data-element_type=\"widget\" data-e-type=\"widget\" data-settings=\"{&quot;max_items_expended&quot;:&quot;multiple&quot;,&quot;default_state&quot;:&quot;expanded&quot;,&quot;n_accordion_animation_duration&quot;:{&quot;unit&quot;:&quot;ms&quot;,&quot;size&quot;:400,&quot;sizes&quot;:[]}}\" data-widget_type=\"nested-accordion.default\">\n\t\t\t\t<div class=\"elementor-widget-container\">\n\t\t\t\t\t\t\t<div class=\"e-n-accordion\" aria-label=\"Acorde\u00f3n. Abra los enlaces con Intro o Espacio, ci\u00e9rrelos con Escape y navegue con las teclas de flecha.\">\n\t\t\t\t\t\t<details id=\"e-n-accordion-item-2570\" class=\"e-n-accordion-item\" open>\n\t\t\t\t<summary class=\"e-n-accordion-item-title\" data-accordion-index=\"1\" tabindex=\"0\" aria-expanded=\"true\" aria-controls=\"e-n-accordion-item-2570\" >\n\t\t\t\t\t<span class='e-n-accordion-item-title-header'><div class=\"e-n-accordion-item-title-text\"> Protecci\u00f3n de los inversores <\/div><\/span>\n\t\t\t\t\t\t\t<span class='e-n-accordion-item-title-icon'>\n\t\t\t<span class='e-opened' ><i aria-hidden=\"true\" class=\"fas fa-plus\"><\/i><\/span>\n\t\t\t<span class='e-closed'><i aria-hidden=\"true\" class=\"fas fa-plus\"><\/i><\/span>\n\t\t<\/span>\n\n\t\t\t\t\t\t<\/summary>\n\t\t\t\t<div role=\"region\" aria-labelledby=\"e-n-accordion-item-2570\" class=\"elementor-element elementor-element-7df719b e-con-full e-flex e-con e-child\" data-id=\"7df719b\" data-element_type=\"container\" data-e-type=\"container\">\n\t\t\t\t<div class=\"elementor-element elementor-element-585df7a elementor-widget elementor-widget-text-editor\" data-id=\"585df7a\" data-element_type=\"widget\" data-e-type=\"widget\" data-widget_type=\"text-editor.default\">\n\t\t\t\t<div class=\"elementor-widget-container\">\n\t\t\t\t\t\t\t\t\t<ul><li style=\"font-weight: 400;\" aria-level=\"1\"><a href=\"https:\/\/globalsocialimpact.es\/wp-content\/uploads\/2025\/09\/2.-REGLAMENTO-DE-ATENCION-AL-CLIENTE-GSII.pdf\" target=\"_blank\" rel=\"noopener\"><span style=\"font-weight: 400;\">Pol\u00edtica de tramitaci\u00f3n de reclamaciones de los clientes<\/span><\/a><\/li><li style=\"font-weight: 400;\" aria-level=\"1\"><a href=\"https:\/\/www.globalsocialimpact.es\/es\/canal-de-denuncias\/\" data-wplink-url-error=\"true\"><span style=\"font-weight: 400;\">Canal de Denuncias<\/span><\/a><\/li><\/ul>\t\t\t\t\t\t\t\t<\/div>\n\t\t\t\t<\/div>\n\t\t\t\t<\/div>\n\t\t\t\t\t<\/details>\n\t\t\t\t\t\t<details id=\"e-n-accordion-item-2571\" class=\"e-n-accordion-item\" >\n\t\t\t\t<summary class=\"e-n-accordion-item-title\" data-accordion-index=\"2\" tabindex=\"-1\" aria-expanded=\"false\" aria-controls=\"e-n-accordion-item-2571\" >\n\t\t\t\t\t<span class='e-n-accordion-item-title-header'><div class=\"e-n-accordion-item-title-text\"> Sostenibilidad <\/div><\/span>\n\t\t\t\t\t\t\t<span class='e-n-accordion-item-title-icon'>\n\t\t\t<span class='e-opened' ><i aria-hidden=\"true\" class=\"fas fa-plus\"><\/i><\/span>\n\t\t\t<span class='e-closed'><i aria-hidden=\"true\" class=\"fas fa-plus\"><\/i><\/span>\n\t\t<\/span>\n\n\t\t\t\t\t\t<\/summary>\n\t\t\t\t<div role=\"region\" aria-labelledby=\"e-n-accordion-item-2571\" class=\"elementor-element elementor-element-4443fec e-con-full e-flex e-con e-child\" data-id=\"4443fec\" data-element_type=\"container\" data-e-type=\"container\">\n\t\t\t\t<div class=\"elementor-element elementor-element-016f1a3 elementor-widget elementor-widget-text-editor\" data-id=\"016f1a3\" data-element_type=\"widget\" data-e-type=\"widget\" data-widget_type=\"text-editor.default\">\n\t\t\t\t<div class=\"elementor-widget-container\">\n\t\t\t\t\t\t\t\t\t<p><span style=\"font-weight: 400; margin-bottom: 18px;\" aria-level=\"1\"><b>Informaci\u00f3n sobre fondos<br \/><\/b><br \/><b>1. Fondo de Impacto Social Global II Espa\u00f1a, FESE (GSIF Espa\u00f1a)<\/b><\/span><\/p><p><span style=\"font-weight: 400;\">GSIF Espa\u00f1a es un fondo de capital riesgo cerrado gestionado por GSI y registrado en la CNMV. El fondo est\u00e1 clasificado como Fondo Europeo de Emprendimiento Social (EuSEF) en virtud del Reglamento (UE) n\u00ba 346\/2013 y como producto del art\u00edculo 9 en virtud del Reglamento sobre divulgaci\u00f3n de informaci\u00f3n financiera sostenible (SFDR).<br \/><\/span><\/p><ul><li style=\"font-weight: 400;\" aria-level=\"1\"><span style=\"text-decoration: underline;\"><a href=\"https:\/\/www.globalsocialimpact.es\/es\/canal-de-denuncias-2\/\" target=\"_blank\" rel=\"noopener\"><span style=\"font-weight: 400;\">Divulgaci\u00f3n relacionada con la sostenibilidad (SFDR - Art\u00edculo 9)<\/span><\/a><\/span><\/li><li style=\"font-weight: 400;\" aria-level=\"1\"><a href=\"https:\/\/globalsocialimpact.es\/wp-content\/uploads\/2025\/09\/Annex-I-Folleto-GSI-SGIIC-SA-2025-1.pdf\" target=\"_blank\" rel=\"noopener\"><span style=\"font-weight: 400;\">Declaraci\u00f3n de Impactos Adversos Principales (PAI)<\/span><\/a><\/li><li aria-level=\"1\"><a href=\"https:\/\/globalsocialimpact.es\/wp-content\/uploads\/2025\/10\/22.-Politica-ESG_160125.pdf\" target=\"_blank\" rel=\"noopener\"><span style=\"text-decoration: underline;\">Pol\u00edtica de sostenibilidad<\/span><\/a><\/li><li aria-level=\"1\"><a href=\"https:\/\/globalsocialimpact.es\/wp-content\/uploads\/2025\/10\/CCAA-y-Anexo-V_GSIF-Espana.pdf\" target=\"_blank\" rel=\"noopener\"><span style=\"text-decoration: underline;\">Informe anual<\/span><\/a><\/li><li aria-level=\"1\"><a href=\"https:\/\/globalsocialimpact.es\/wp-content\/uploads\/2025\/10\/Folleto-Informativo.pdf\" target=\"_blank\" rel=\"noopener\"><span style=\"text-decoration: underline;\">Folleto y reglamento del fondo<\/span><\/a><\/li><\/ul><p><span style=\"font-weight: 400;\" aria-level=\"1\"><b><br \/>2. Fondo alternativo Sicav-Sif Global Social Impact Fund (GSIF \u00c1frica)<\/b><br \/><\/span><span style=\"font-weight: 400;\">GSIF Africa es un subfondo de Alternative Fund SICAV-SIF, gestionado por FundPartner Solutions (Europe) S.A., entidad del Grupo Pictet supervisada por la Commission de Surveillance du Secteur Financier (CSSF) de Luxemburgo. GSI act\u00faa como gestor delegado de la cartera. El fondo est\u00e1 autorizado para su distribuci\u00f3n en Espa\u00f1a. No es comercializado por GSI; su distribuidor en Espa\u00f1a es Inversis Banco, S.A. El GSIF \u00c1frica tambi\u00e9n est\u00e1 clasificado como producto del art\u00edculo 9 en virtud del SFDR.<\/span><\/p>\t\t\t\t\t\t\t\t<\/div>\n\t\t\t\t<\/div>\n\t\t\t\t<\/div>\n\t\t\t\t\t<\/details>\n\t\t\t\t\t\t<details id=\"e-n-accordion-item-2572\" class=\"e-n-accordion-item\" >\n\t\t\t\t<summary class=\"e-n-accordion-item-title\" data-accordion-index=\"3\" tabindex=\"-1\" aria-expanded=\"false\" aria-controls=\"e-n-accordion-item-2572\" >\n\t\t\t\t\t<span class='e-n-accordion-item-title-header'><div class=\"e-n-accordion-item-title-text\"> Remuneraci\u00f3n <\/div><\/span>\n\t\t\t\t\t\t\t<span class='e-n-accordion-item-title-icon'>\n\t\t\t<span class='e-opened' ><i aria-hidden=\"true\" class=\"fas fa-plus\"><\/i><\/span>\n\t\t\t<span class='e-closed'><i aria-hidden=\"true\" class=\"fas fa-plus\"><\/i><\/span>\n\t\t<\/span>\n\n\t\t\t\t\t\t<\/summary>\n\t\t\t\t<div role=\"region\" aria-labelledby=\"e-n-accordion-item-2572\" class=\"elementor-element elementor-element-9f57e1b e-con-full e-flex e-con e-child\" data-id=\"9f57e1b\" data-element_type=\"container\" data-e-type=\"container\">\n\t\t\t\t<div class=\"elementor-element elementor-element-22e29f7 elementor-widget elementor-widget-text-editor\" data-id=\"22e29f7\" data-element_type=\"widget\" data-e-type=\"widget\" data-widget_type=\"text-editor.default\">\n\t\t\t\t<div class=\"elementor-widget-container\">\n\t\t\t\t\t\t\t\t\t<ul><li aria-level=\"1\"><a href=\"https:\/\/globalsocialimpact.es\/wp-content\/uploads\/Pol%C3%ADtica%20Retributiva.pdf\" data-wplink-edit=\"true\"><span style=\"font-weight: 400;\">Pol\u00edtica de remuneraci\u00f3n<\/span><\/a><\/li><\/ul>\t\t\t\t\t\t\t\t<\/div>\n\t\t\t\t<\/div>\n\t\t\t\t<\/div>\n\t\t\t\t\t<\/details>\n\t\t\t\t\t\t<details id=\"e-n-accordion-item-2573\" class=\"e-n-accordion-item\" >\n\t\t\t\t<summary class=\"e-n-accordion-item-title\" data-accordion-index=\"4\" tabindex=\"-1\" aria-expanded=\"false\" aria-controls=\"e-n-accordion-item-2573\" >\n\t\t\t\t\t<span class='e-n-accordion-item-title-header'><div class=\"e-n-accordion-item-title-text\"> Participaci\u00f3n de los accionistas <\/div><\/span>\n\t\t\t\t\t\t\t<span class='e-n-accordion-item-title-icon'>\n\t\t\t<span class='e-opened' ><i aria-hidden=\"true\" class=\"fas fa-plus\"><\/i><\/span>\n\t\t\t<span class='e-closed'><i aria-hidden=\"true\" class=\"fas fa-plus\"><\/i><\/span>\n\t\t<\/span>\n\n\t\t\t\t\t\t<\/summary>\n\t\t\t\t<div role=\"region\" aria-labelledby=\"e-n-accordion-item-2573\" class=\"elementor-element elementor-element-a325b83 e-con-full e-flex e-con e-child\" data-id=\"a325b83\" data-element_type=\"container\" data-e-type=\"container\">\n\t\t\t\t<div class=\"elementor-element elementor-element-cf29409 elementor-widget elementor-widget-text-editor\" data-id=\"cf29409\" data-element_type=\"widget\" data-e-type=\"widget\" data-widget_type=\"text-editor.default\">\n\t\t\t\t<div class=\"elementor-widget-container\">\n\t\t\t\t\t\t\t\t\t<ul><li class=\"p1\"><a href=\"https:\/\/www.globalsocialimpact.es\/es\/compromiso-de-los-accionistas\/\" target=\"_blank\" rel=\"noopener\"><span style=\"font-weight: 400;\">Participaci\u00f3n de los accionistas<\/span><\/a><\/li><\/ul>\t\t\t\t\t\t\t\t<\/div>\n\t\t\t\t<\/div>\n\t\t\t\t<\/div>\n\t\t\t\t\t<\/details>\n\t\t\t\t\t\t<details id=\"e-n-accordion-item-2574\" class=\"e-n-accordion-item\" >\n\t\t\t\t<summary class=\"e-n-accordion-item-title\" data-accordion-index=\"5\" tabindex=\"-1\" aria-expanded=\"false\" aria-controls=\"e-n-accordion-item-2574\" >\n\t\t\t\t\t<span class='e-n-accordion-item-title-header'><div class=\"e-n-accordion-item-title-text\"> Protecci\u00f3n de datos y aviso legal del sitio web <\/div><\/span>\n\t\t\t\t\t\t\t<span class='e-n-accordion-item-title-icon'>\n\t\t\t<span class='e-opened' ><i aria-hidden=\"true\" class=\"fas fa-plus\"><\/i><\/span>\n\t\t\t<span class='e-closed'><i aria-hidden=\"true\" class=\"fas fa-plus\"><\/i><\/span>\n\t\t<\/span>\n\n\t\t\t\t\t\t<\/summary>\n\t\t\t\t<div role=\"region\" aria-labelledby=\"e-n-accordion-item-2574\" class=\"elementor-element elementor-element-6d4a950 e-con-full e-flex e-con e-child\" data-id=\"6d4a950\" data-element_type=\"container\" data-e-type=\"container\">\n\t\t\t\t<div class=\"elementor-element elementor-element-f1a8270 elementor-widget elementor-widget-text-editor\" data-id=\"f1a8270\" data-element_type=\"widget\" data-e-type=\"widget\" data-widget_type=\"text-editor.default\">\n\t\t\t\t<div class=\"elementor-widget-container\">\n\t\t\t\t\t\t\t\t\t<ul><li style=\"font-weight: 400;\" aria-level=\"1\"><a href=\"https:\/\/www.globalsocialimpact.es\/es\/aviso-legal\/\" data-wplink-url-error=\"true\"><span style=\"font-weight: 400;\">Aviso legal<\/span><\/a><\/li><li style=\"font-weight: 400;\" aria-level=\"1\"><a href=\"https:\/\/www.globalsocialimpact.es\/es\/politica-de-privacidad\/\"><span style=\"font-weight: 400;\">Pol\u00edtica de privacidad<\/span><\/a><\/li><li style=\"font-weight: 400;\" aria-level=\"1\"><a href=\"https:\/\/www.globalsocialimpact.es\/es\/politica-de-cookies\/\"><span style=\"font-weight: 400;\">Pol\u00edtica de cookies<\/span><\/a><\/li><\/ul>\t\t\t\t\t\t\t\t<\/div>\n\t\t\t\t<\/div>\n\t\t\t\t<\/div>\n\t\t\t\t\t<\/details>\n\t\t\t\t\t\t<details id=\"e-n-accordion-item-2575\" class=\"e-n-accordion-item\" >\n\t\t\t\t<summary class=\"e-n-accordion-item-title\" data-accordion-index=\"6\" tabindex=\"-1\" aria-expanded=\"false\" aria-controls=\"e-n-accordion-item-2575\" >\n\t\t\t\t\t<span class='e-n-accordion-item-title-header'><div class=\"e-n-accordion-item-title-text\"> Otros compromisos <\/div><\/span>\n\t\t\t\t\t\t\t<span class='e-n-accordion-item-title-icon'>\n\t\t\t<span class='e-opened' ><i aria-hidden=\"true\" class=\"fas fa-plus\"><\/i><\/span>\n\t\t\t<span class='e-closed'><i aria-hidden=\"true\" class=\"fas fa-plus\"><\/i><\/span>\n\t\t<\/span>\n\n\t\t\t\t\t\t<\/summary>\n\t\t\t\t<div role=\"region\" aria-labelledby=\"e-n-accordion-item-2575\" class=\"elementor-element elementor-element-a8dc9a6 e-con-full e-flex e-con e-child\" data-id=\"a8dc9a6\" data-element_type=\"container\" data-e-type=\"container\">\n\t\t\t\t<div class=\"elementor-element elementor-element-177bca3 elementor-widget elementor-widget-text-editor\" data-id=\"177bca3\" data-element_type=\"widget\" data-e-type=\"widget\" data-widget_type=\"text-editor.default\">\n\t\t\t\t<div class=\"elementor-widget-container\">\n\t\t\t\t\t\t\t\t\t<ul>\n \t<li style=\"font-weight: 400;\" aria-level=\"1\"><span style=\"text-decoration: underline;\"><a href=\"https:\/\/globalsocialimpact.es\/wp-content\/uploads\/2025\/10\/21.-Politica-IR_160125.pdf\" target=\"_blank\" rel=\"noopener\"><span style=\"font-weight: 400;\">Pol\u00edtica de inversi\u00f3n responsable<\/span><\/a><\/span><\/li>\n \t<li style=\"font-weight: 400;\" aria-level=\"1\"><span style=\"font-weight: 400;\"><span style=\"text-decoration: underline;\"><a href=\"https:\/\/globalsocialimpact.es\/wp-content\/uploads\/2025\/10\/Codigo-Buenas-Practicas-SpainNAB-GSI.pdf\" target=\"_blank\" rel=\"noopener\">Adhesi\u00f3n al C\u00f3digo de Buenas Pr\u00e1cticas de SpainNAB<\/a><\/span> for Impact Investing (C\u00f3digo de Buenas Pr\u00e1cticas de la Inversi\u00f3n de Impacto)<\/span><\/li>\n \t<li aria-level=\"1\"><span style=\"text-decoration: underline;\"><a href=\"https:\/\/www.impactprinciples.org\/signatories\/?_page=1&amp;sort_by=title&amp;_order=ASC\" target=\"_blank\" rel=\"noopener\">Firmantes de los Principios de Impacto<\/a><\/span> - Principios operativos para la gesti\u00f3n de impactos (OPIM)<br><br>\n<img loading=\"lazy\" decoding=\"async\" class=\"wp-image-924509 alignleft\" src=\"https:\/\/globalsocialimpact.es\/wp-content\/uploads\/2025\/11\/OPIM-Logo_RGB-Signatory-300x111.png\" alt=\"\" width=\"178\" height=\"66\" \/><\/li>\n<\/ul>\n<img loading=\"lazy\" decoding=\"async\" class=\"wp-image-921409 alignleft\" src=\"https:\/\/globalsocialimpact.es\/wp-content\/uploads\/2025\/09\/Distintivo_CBBPP_SpainNAB-300x300.png\" alt=\"\" width=\"62\" height=\"62\" \/>\t\t\t\t\t\t\t\t<\/div>\n\t\t\t\t<\/div>\n\t\t\t\t<\/div>\n\t\t\t\t\t<\/details>\n\t\t\t\t\t<\/div>\n\t\t\t\t\t\t<\/div>\n\t\t\t\t<\/div>\n\t\t\t\t<\/div>\n\t\t\t\t<\/div>","protected":false},"excerpt":{"rendered":"<p>Transparency + Compliance Global Social Impact Investments S.G.I.I.C., S.A.U. Global Social Impact Investments S.G.I.I.C., S.A. is a Spanish asset management company authorized and supervised by the Spanish financial regulator, the Comisi\u00f3n Nacional del Mercado de Valores (CNMV). As a fund manager specialized in impact investing, GSI operates in full compliance with Spanish and European regulations [&hellip;]<\/p>\n","protected":false},"author":2,"featured_media":0,"parent":0,"menu_order":16,"comment_status":"closed","ping_status":"closed","template":"","meta":{"_acf_changed":false,"footnotes":""},"news_content_type":[],"class_list":["post-901643","page","type-page","status-publish","hentry"],"acf":[],"_links":{"self":[{"href":"https:\/\/www.globalsocialimpact.es\/es\/wp-json\/wp\/v2\/pages\/901643","targetHints":{"allow":["GET"]}}],"collection":[{"href":"https:\/\/www.globalsocialimpact.es\/es\/wp-json\/wp\/v2\/pages"}],"about":[{"href":"https:\/\/www.globalsocialimpact.es\/es\/wp-json\/wp\/v2\/types\/page"}],"author":[{"embeddable":true,"href":"https:\/\/www.globalsocialimpact.es\/es\/wp-json\/wp\/v2\/users\/2"}],"replies":[{"embeddable":true,"href":"https:\/\/www.globalsocialimpact.es\/es\/wp-json\/wp\/v2\/comments?post=901643"}],"version-history":[{"count":112,"href":"https:\/\/www.globalsocialimpact.es\/es\/wp-json\/wp\/v2\/pages\/901643\/revisions"}],"predecessor-version":[{"id":924530,"href":"https:\/\/www.globalsocialimpact.es\/es\/wp-json\/wp\/v2\/pages\/901643\/revisions\/924530"}],"wp:attachment":[{"href":"https:\/\/www.globalsocialimpact.es\/es\/wp-json\/wp\/v2\/media?parent=901643"}],"wp:term":[{"taxonomy":"news_content_type","embeddable":true,"href":"https:\/\/www.globalsocialimpact.es\/es\/wp-json\/wp\/v2\/news_content_type?post=901643"}],"curies":[{"name":"wp","href":"https:\/\/api.w.org\/{rel}","templated":true}]}}